{"id":28,"date":"2023-11-28T13:07:05","date_gmt":"2023-11-28T12:07:05","guid":{"rendered":"https:\/\/amaresofficial.com\/?page_id=28"},"modified":"2026-03-26T22:31:07","modified_gmt":"2026-03-26T21:31:07","slug":"pocetna","status":"publish","type":"page","link":"https:\/\/amaresofficial.com\/sr\/","title":{"rendered":"Po\u010detna"},"content":{"rendered":"\t\t<div data-elementor-type=\"wp-page\" data-elementor-id=\"28\" class=\"elementor elementor-28\" data-elementor-post-type=\"page\">\n\t\t\t\t<div class=\"elementor-element elementor-element-c8d2028 e-flex e-con-boxed e-con e-parent\" data-id=\"c8d2028\" data-element_type=\"container\" data-settings=\"{&quot;background_background&quot;:&quot;classic&quot;}\">\n\t\t\t\t\t<div class=\"e-con-inner\">\n\t\t\t\t<div class=\"elementor-element elementor-element-1f7c8df elementor-widget elementor-widget-text-editor\" data-id=\"1f7c8df\" data-element_type=\"widget\" data-widget_type=\"text-editor.default\">\n\t\t\t\t<div class=\"elementor-widget-container\">\n\t\t\t\t\t\t\t\t\t<p>Besplatna dostava preko 20.000 RSD<\/p>\t\t\t\t\t\t\t\t<\/div>\n\t\t\t\t<\/div>\n\t\t\t\t\t<\/div>\n\t\t\t\t<\/div>\n\t\t<div class=\"elementor-element elementor-element-720d55c elementor-hidden-mobile e-flex e-con-boxed e-con e-parent\" data-id=\"720d55c\" data-element_type=\"container\" data-settings=\"{&quot;background_background&quot;:&quot;video&quot;,&quot;background_video_link&quot;:&quot;https:\\\/\\\/amaresofficial.com\\\/wp-content\\\/uploads\\\/2026\\\/03\\\/desktop.mp4&quot;,&quot;background_play_on_mobile&quot;:&quot;yes&quot;}\">\n\t\t\t\t\t<div class=\"e-con-inner\">\n\t\t<div class=\"elementor-background-video-container\" aria-hidden=\"true\">\n\t\t\t\t\t\t\t<video class=\"elementor-background-video-hosted\" autoplay muted playsinline loop><\/video>\n\t\t\t\t\t<\/div>\t\t<div class=\"elementor-element elementor-element-c749056 elementor-widget elementor-widget-heading\" data-id=\"c749056\" data-element_type=\"widget\" data-widget_type=\"heading.default\">\n\t\t\t\t<div class=\"elementor-widget-container\">\n\t\t\t\t\t<h2 class=\"elementor-heading-title elementor-size-default\"><a href=\"https:\/\/amaresofficial.com\/c\/zene\/\">\u017dene<\/a><\/h2>\t\t\t\t<\/div>\n\t\t\t\t<\/div>\n\t\t\t\t\t<\/div>\n\t\t\t\t<\/div>\n\t\t<div class=\"elementor-element elementor-element-a876c76 elementor-hidden-desktop elementor-hidden-tablet e-flex e-con-boxed e-con e-parent\" data-id=\"a876c76\" data-element_type=\"container\" data-settings=\"{&quot;background_background&quot;:&quot;video&quot;,&quot;background_video_link&quot;:&quot;https:\\\/\\\/amaresofficial.com\\\/wp-content\\\/uploads\\\/2026\\\/03\\\/mobile.mp4&quot;,&quot;background_play_on_mobile&quot;:&quot;yes&quot;}\">\n\t\t\t\t\t<div class=\"e-con-inner\">\n\t\t<div class=\"elementor-background-video-container\" aria-hidden=\"true\">\n\t\t\t\t\t\t\t<video class=\"elementor-background-video-hosted\" autoplay muted playsinline loop><\/video>\n\t\t\t\t\t<\/div>\t\t<div class=\"elementor-element elementor-element-c4a84cf elementor-widget elementor-widget-heading\" data-id=\"c4a84cf\" data-element_type=\"widget\" data-widget_type=\"heading.default\">\n\t\t\t\t<div class=\"elementor-widget-container\">\n\t\t\t\t\t<h2 class=\"elementor-heading-title elementor-size-default\"><a href=\"https:\/\/amaresofficial.com\/sr\/c\/zene\/\">\u017dene<\/a><\/h2>\t\t\t\t<\/div>\n\t\t\t\t<\/div>\n\t\t\t\t\t<\/div>\n\t\t\t\t<\/div>\n\t\t<div class=\"elementor-element elementor-element-0cfd8f5 e-flex e-con-boxed e-con e-parent\" data-id=\"0cfd8f5\" data-element_type=\"container\">\n\t\t\t\t\t<div class=\"e-con-inner\">\n\t\t<div class=\"elementor-element elementor-element-14ec114 e-con-full e-flex e-con e-child\" data-id=\"14ec114\" data-element_type=\"container\">\n\t\t\t\t<div class=\"elementor-element elementor-element-72cf647 elementor-widget elementor-widget-image\" data-id=\"72cf647\" data-element_type=\"widget\" data-widget_type=\"image.default\">\n\t\t\t\t<div class=\"elementor-widget-container\">\n\t\t\t\t\t\t\t\t\t\t\t\t\t\t\t\t<a href=\"https:\/\/amaresofficial.com\/sr\/c\/zene\/first-class-collection\/\">\n\t\t\t\t\t\t\t<img decoding=\"async\" src=\"https:\/\/amaresofficial.com\/wp-content\/uploads\/elementor\/thumbs\/fcc-rl3bnjaybjycv4726mnpjqkqjgys0rwvfrr94w1peo.jpeg\" title=\"fcc\" alt=\"fcc\" loading=\"lazy\" \/>\t\t\t\t\t\t\t\t<\/a>\n\t\t\t\t\t\t\t\t\t\t\t\t\t\t\t<\/div>\n\t\t\t\t<\/div>\n\t\t\t\t<div class=\"elementor-element elementor-element-837f85e elementor-widget elementor-widget-heading\" data-id=\"837f85e\" data-element_type=\"widget\" data-widget_type=\"heading.default\">\n\t\t\t\t<div class=\"elementor-widget-container\">\n\t\t\t\t\t<h2 class=\"elementor-heading-title elementor-size-default\"><a href=\"https:\/\/amaresofficial.com\/sr\/c\/zene\/first-class-collection\/\">First class collection<\/a><\/h2>\t\t\t\t<\/div>\n\t\t\t\t<\/div>\n\t\t\t\t<\/div>\n\t\t<div class=\"elementor-element elementor-element-29dc07d e-con-full e-flex e-con e-child\" data-id=\"29dc07d\" data-element_type=\"container\">\n\t\t\t\t<div class=\"elementor-element elementor-element-f560734 elementor-widget elementor-widget-image\" data-id=\"f560734\" data-element_type=\"widget\" data-widget_type=\"image.default\">\n\t\t\t\t<div class=\"elementor-widget-container\">\n\t\t\t\t\t\t\t\t\t\t\t\t\t\t\t\t<a href=\"https:\/\/amaresofficial.com\/sr\/c\/najpopularnije\/\">\n\t\t\t\t\t\t\t<img decoding=\"async\" src=\"https:\/\/amaresofficial.com\/wp-content\/uploads\/elementor\/thumbs\/IMG_7440-r3t35ykbq534e4pvfp1dtwkdukjy2d18zcq1ppfbvk.jpeg\" title=\"IMG_7440\" alt=\"IMG_7440\" loading=\"lazy\" \/>\t\t\t\t\t\t\t\t<\/a>\n\t\t\t\t\t\t\t\t\t\t\t\t\t\t\t<\/div>\n\t\t\t\t<\/div>\n\t\t\t\t<div class=\"elementor-element elementor-element-4137db8 elementor-widget elementor-widget-heading\" data-id=\"4137db8\" data-element_type=\"widget\" data-widget_type=\"heading.default\">\n\t\t\t\t<div class=\"elementor-widget-container\">\n\t\t\t\t\t<h2 class=\"elementor-heading-title elementor-size-default\"><a href=\"https:\/\/amaresofficial.com\/sr\/c\/najpopularnije\/\">Najpopularnije<\/a><\/h2>\t\t\t\t<\/div>\n\t\t\t\t<\/div>\n\t\t\t\t<\/div>\n\t\t<div class=\"elementor-element elementor-element-70013fd e-con-full e-flex e-con e-child\" data-id=\"70013fd\" data-element_type=\"container\">\n\t\t\t\t<div class=\"elementor-element elementor-element-73d067b elementor-widget elementor-widget-image\" data-id=\"73d067b\" data-element_type=\"widget\" data-widget_type=\"image.default\">\n\t\t\t\t<div class=\"elementor-widget-container\">\n\t\t\t\t\t\t\t\t\t\t\t\t\t\t\t\t<a href=\"https:\/\/amaresofficial.com\/sr\/c\/najnovije\/\">\n\t\t\t\t\t\t\t<img decoding=\"async\" src=\"https:\/\/amaresofficial.com\/wp-content\/uploads\/elementor\/thumbs\/Espresso-Mocha-Corset-korset-rl3aaltek0z0hv9pwh8ur32xbe4xbznw1l7bsclhb4.jpeg\" title=\"Espresso Mocha Corset (korset)\" alt=\"Espresso Mocha Corset (korset)\" loading=\"lazy\" \/>\t\t\t\t\t\t\t\t<\/a>\n\t\t\t\t\t\t\t\t\t\t\t\t\t\t\t<\/div>\n\t\t\t\t<\/div>\n\t\t\t\t<div class=\"elementor-element elementor-element-3ab228c elementor-widget elementor-widget-heading\" data-id=\"3ab228c\" data-element_type=\"widget\" data-widget_type=\"heading.default\">\n\t\t\t\t<div class=\"elementor-widget-container\">\n\t\t\t\t\t<h2 class=\"elementor-heading-title elementor-size-default\"><a href=\"https:\/\/amaresofficial.com\/sr\/c\/najnovije\/\">Najnovije<\/a><\/h2>\t\t\t\t<\/div>\n\t\t\t\t<\/div>\n\t\t\t\t<\/div>\n\t\t<div class=\"elementor-element elementor-element-0173b18 e-con-full e-flex e-con e-child\" data-id=\"0173b18\" data-element_type=\"container\">\n\t\t\t\t<div class=\"elementor-element elementor-element-c61c9be elementor-widget elementor-widget-image\" data-id=\"c61c9be\" data-element_type=\"widget\" data-widget_type=\"image.default\">\n\t\t\t\t<div class=\"elementor-widget-container\">\n\t\t\t\t\t\t\t\t\t\t\t\t\t\t\t\t<a href=\"https:\/\/amaresofficial.com\/sr\/c\/zene\/pilates\/\">\n\t\t\t\t\t\t\t<img decoding=\"async\" src=\"https:\/\/amaresofficial.com\/wp-content\/uploads\/elementor\/thumbs\/WhatsApp-Image-2025-12-11-at-3.33.54-PM-1-rg0jizb436utm889lz69yqaxuysd9knc62w953504g.jpeg\" title=\"WhatsApp Image 2025-12-11 at 3.33.54 PM (1)\" alt=\"WhatsApp Image 2025-12-11 at 3.33.54 PM (1)\" loading=\"lazy\" \/>\t\t\t\t\t\t\t\t<\/a>\n\t\t\t\t\t\t\t\t\t\t\t\t\t\t\t<\/div>\n\t\t\t\t<\/div>\n\t\t\t\t<div class=\"elementor-element elementor-element-d1b4269 elementor-widget elementor-widget-heading\" data-id=\"d1b4269\" data-element_type=\"widget\" data-widget_type=\"heading.default\">\n\t\t\t\t<div class=\"elementor-widget-container\">\n\t\t\t\t\t<h2 class=\"elementor-heading-title elementor-size-default\"><a href=\"https:\/\/amaresofficial.com\/sr\/c\/zene\/pilates\/\">Pilates<\/a><\/h2>\t\t\t\t<\/div>\n\t\t\t\t<\/div>\n\t\t\t\t<\/div>\n\t\t\t\t\t<\/div>\n\t\t\t\t<\/div>\n\t\t<div class=\"elementor-element elementor-element-f1cb723 e-flex e-con-boxed e-con e-parent\" data-id=\"f1cb723\" data-element_type=\"container\" data-settings=\"{&quot;background_background&quot;:&quot;classic&quot;}\">\n\t\t\t\t\t<div class=\"e-con-inner\">\n\t\t\t\t<div class=\"elementor-element elementor-element-12e430e elementor-widget elementor-widget-heading\" data-id=\"12e430e\" data-element_type=\"widget\" data-widget_type=\"heading.default\">\n\t\t\t\t<div class=\"elementor-widget-container\">\n\t\t\t\t\t<h2 class=\"elementor-heading-title elementor-size-default\"><a href=\"https:\/\/amaresofficial.com\/sr\/shop\/\">Svi artikli<\/a><\/h2>\t\t\t\t<\/div>\n\t\t\t\t<\/div>\n\t\t\t\t\t<\/div>\n\t\t\t\t<\/div>\n\t\t<div class=\"elementor-element elementor-element-46ad786 e-flex e-con-boxed e-con e-parent\" data-id=\"46ad786\" data-element_type=\"container\">\n\t\t\t\t\t<div class=\"e-con-inner\">\n\t\t\t\t\t<\/div>\n\t\t\t\t<\/div>\n\t\t\t\t<\/div>\n\t\t","protected":false},"excerpt":{"rendered":"<p>Besplatna dostava preko 20.000 RSD \u017dene \u017dene First class collection Najpopularnije Najnovije Pilates Svi artikli<\/p>\n","protected":false},"author":1,"featured_media":0,"parent":0,"menu_order":0,"comment_status":"closed","ping_status":"closed","template":"elementor_header_footer","meta":{"om_disable_all_campaigns":false,"_monsterinsights_skip_tracking":false,"_monsterinsights_sitenote_active":false,"_monsterinsights_sitenote_note":"","_monsterinsights_sitenote_category":0,"_uf_show_specific_survey":0,"_uf_disable_surveys":false,"footnotes":""},"class_list":["post-28","page","type-page","status-publish","hentry"],"yoast_head":"<!-- This site is optimized with the Yoast SEO plugin v26.1.1 - https:\/\/yoast.com\/wordpress\/plugins\/seo\/ -->\n<title>Po\u010detna - Amares<\/title>\n<meta name=\"robots\" content=\"index, follow, max-snippet:-1, max-image-preview:large, max-video-preview:-1\" \/>\n<link rel=\"canonical\" href=\"https:\/\/amaresofficial.com\/\" \/>\n<meta property=\"og:locale\" content=\"sr_RS\" \/>\n<meta property=\"og:type\" content=\"article\" \/>\n<meta property=\"og:title\" content=\"Po\u010detna - Amares\" \/>\n<meta property=\"og:description\" content=\"Besplatna dostava preko 20.000 RSD \u017dene \u017dene First class collection Najpopularnije Najnovije Pilates Svi artikli\" \/>\n<meta property=\"og:url\" content=\"https:\/\/amaresofficial.com\/\" \/>\n<meta property=\"og:site_name\" content=\"Amares\" \/>\n<meta property=\"article:modified_time\" content=\"2026-03-26T21:31:07+00:00\" \/>\n<meta property=\"og:image\" content=\"https:\/\/amaresofficial.com\/wp-content\/uploads\/elementor\/thumbs\/fcc-rl3bnjaybjycv4726mnpjqkqjgys0rwvfrr94w1peo.jpeg\" \/>\n<meta name=\"twitter:card\" content=\"summary_large_image\" \/>\n<meta name=\"twitter:label1\" content=\"Procenjeno vreme \u010ditanja\" \/>\n\t<meta name=\"twitter:data1\" content=\"1 minut\" \/>\n<script type=\"application\/ld+json\" class=\"yoast-schema-graph\">{\"@context\":\"https:\/\/schema.org\",\"@graph\":[{\"@type\":\"WebPage\",\"@id\":\"https:\/\/amaresofficial.com\/\",\"url\":\"https:\/\/amaresofficial.com\/\",\"name\":\"Po\u010detna - Amares\",\"isPartOf\":{\"@id\":\"https:\/\/amaresofficial.com\/#website\"},\"primaryImageOfPage\":{\"@id\":\"https:\/\/amaresofficial.com\/#primaryimage\"},\"image\":{\"@id\":\"https:\/\/amaresofficial.com\/#primaryimage\"},\"thumbnailUrl\":\"https:\/\/amaresofficial.com\/wp-content\/uploads\/elementor\/thumbs\/fcc-rl3bnjaybjycv4726mnpjqkqjgys0rwvfrr94w1peo.jpeg\",\"datePublished\":\"2023-11-28T12:07:05+00:00\",\"dateModified\":\"2026-03-26T21:31:07+00:00\",\"breadcrumb\":{\"@id\":\"https:\/\/amaresofficial.com\/#breadcrumb\"},\"inLanguage\":\"sr-RS\",\"potentialAction\":[{\"@type\":\"ReadAction\",\"target\":[\"https:\/\/amaresofficial.com\/\"]}]},{\"@type\":\"ImageObject\",\"inLanguage\":\"sr-RS\",\"@id\":\"https:\/\/amaresofficial.com\/#primaryimage\",\"url\":\"https:\/\/amaresofficial.com\/wp-content\/uploads\/elementor\/thumbs\/fcc-rl3bnjaybjycv4726mnpjqkqjgys0rwvfrr94w1peo.jpeg\",\"contentUrl\":\"https:\/\/amaresofficial.com\/wp-content\/uploads\/elementor\/thumbs\/fcc-rl3bnjaybjycv4726mnpjqkqjgys0rwvfrr94w1peo.jpeg\"},{\"@type\":\"BreadcrumbList\",\"@id\":\"https:\/\/amaresofficial.com\/#breadcrumb\",\"itemListElement\":[{\"@type\":\"ListItem\",\"position\":1,\"name\":\"Home\",\"item\":\"https:\/\/amaresofficial.com\/\"},{\"@type\":\"ListItem\",\"position\":2,\"name\":\"Po\u010detna\"}]},{\"@type\":\"WebSite\",\"@id\":\"https:\/\/amaresofficial.com\/#website\",\"url\":\"https:\/\/amaresofficial.com\/\",\"name\":\"Amares\",\"description\":\"Official Store\",\"publisher\":{\"@id\":\"https:\/\/amaresofficial.com\/#organization\"},\"alternateName\":\"Amares Official\",\"potentialAction\":[{\"@type\":\"SearchAction\",\"target\":{\"@type\":\"EntryPoint\",\"urlTemplate\":\"https:\/\/amaresofficial.com\/?s={search_term_string}\"},\"query-input\":{\"@type\":\"PropertyValueSpecification\",\"valueRequired\":true,\"valueName\":\"search_term_string\"}}],\"inLanguage\":\"sr-RS\"},{\"@type\":\"Organization\",\"@id\":\"https:\/\/amaresofficial.com\/#organization\",\"name\":\"Amares Official\",\"url\":\"https:\/\/amaresofficial.com\/\",\"logo\":{\"@type\":\"ImageObject\",\"inLanguage\":\"sr-RS\",\"@id\":\"https:\/\/amaresofficial.com\/#\/schema\/logo\/image\/\",\"url\":\"https:\/\/amaresofficial.com\/wp-content\/uploads\/2023\/11\/Logo-AMARES_LogoSlogan_Black.png\",\"contentUrl\":\"https:\/\/amaresofficial.com\/wp-content\/uploads\/2023\/11\/Logo-AMARES_LogoSlogan_Black.png\",\"width\":335,\"height\":180,\"caption\":\"Amares Official\"},\"image\":{\"@id\":\"https:\/\/amaresofficial.com\/#\/schema\/logo\/image\/\"}}]}<\/script>\n<!-- \/ Yoast SEO plugin. -->","yoast_head_json":{"title":"Po\u010detna - Amares","robots":{"index":"index","follow":"follow","max-snippet":"max-snippet:-1","max-image-preview":"max-image-preview:large","max-video-preview":"max-video-preview:-1"},"canonical":"https:\/\/amaresofficial.com\/","og_locale":"sr_RS","og_type":"article","og_title":"Po\u010detna - Amares","og_description":"Besplatna dostava preko 20.000 RSD \u017dene \u017dene First class collection Najpopularnije Najnovije Pilates Svi artikli","og_url":"https:\/\/amaresofficial.com\/","og_site_name":"Amares","article_modified_time":"2026-03-26T21:31:07+00:00","og_image":[{"url":"https:\/\/amaresofficial.com\/wp-content\/uploads\/elementor\/thumbs\/fcc-rl3bnjaybjycv4726mnpjqkqjgys0rwvfrr94w1peo.jpeg","type":"","width":"","height":""}],"twitter_card":"summary_large_image","twitter_misc":{"Procenjeno vreme \u010ditanja":"1 minut"},"schema":{"@context":"https:\/\/schema.org","@graph":[{"@type":"WebPage","@id":"https:\/\/amaresofficial.com\/","url":"https:\/\/amaresofficial.com\/","name":"Po\u010detna - Amares","isPartOf":{"@id":"https:\/\/amaresofficial.com\/#website"},"primaryImageOfPage":{"@id":"https:\/\/amaresofficial.com\/#primaryimage"},"image":{"@id":"https:\/\/amaresofficial.com\/#primaryimage"},"thumbnailUrl":"https:\/\/amaresofficial.com\/wp-content\/uploads\/elementor\/thumbs\/fcc-rl3bnjaybjycv4726mnpjqkqjgys0rwvfrr94w1peo.jpeg","datePublished":"2023-11-28T12:07:05+00:00","dateModified":"2026-03-26T21:31:07+00:00","breadcrumb":{"@id":"https:\/\/amaresofficial.com\/#breadcrumb"},"inLanguage":"sr-RS","potentialAction":[{"@type":"ReadAction","target":["https:\/\/amaresofficial.com\/"]}]},{"@type":"ImageObject","inLanguage":"sr-RS","@id":"https:\/\/amaresofficial.com\/#primaryimage","url":"https:\/\/amaresofficial.com\/wp-content\/uploads\/elementor\/thumbs\/fcc-rl3bnjaybjycv4726mnpjqkqjgys0rwvfrr94w1peo.jpeg","contentUrl":"https:\/\/amaresofficial.com\/wp-content\/uploads\/elementor\/thumbs\/fcc-rl3bnjaybjycv4726mnpjqkqjgys0rwvfrr94w1peo.jpeg"},{"@type":"BreadcrumbList","@id":"https:\/\/amaresofficial.com\/#breadcrumb","itemListElement":[{"@type":"ListItem","position":1,"name":"Home","item":"https:\/\/amaresofficial.com\/"},{"@type":"ListItem","position":2,"name":"Po\u010detna"}]},{"@type":"WebSite","@id":"https:\/\/amaresofficial.com\/#website","url":"https:\/\/amaresofficial.com\/","name":"Amares","description":"Official Store","publisher":{"@id":"https:\/\/amaresofficial.com\/#organization"},"alternateName":"Amares Official","potentialAction":[{"@type":"SearchAction","target":{"@type":"EntryPoint","urlTemplate":"https:\/\/amaresofficial.com\/?s={search_term_string}"},"query-input":{"@type":"PropertyValueSpecification","valueRequired":true,"valueName":"search_term_string"}}],"inLanguage":"sr-RS"},{"@type":"Organization","@id":"https:\/\/amaresofficial.com\/#organization","name":"Amares Official","url":"https:\/\/amaresofficial.com\/","logo":{"@type":"ImageObject","inLanguage":"sr-RS","@id":"https:\/\/amaresofficial.com\/#\/schema\/logo\/image\/","url":"https:\/\/amaresofficial.com\/wp-content\/uploads\/2023\/11\/Logo-AMARES_LogoSlogan_Black.png","contentUrl":"https:\/\/amaresofficial.com\/wp-content\/uploads\/2023\/11\/Logo-AMARES_LogoSlogan_Black.png","width":335,"height":180,"caption":"Amares Official"},"image":{"@id":"https:\/\/amaresofficial.com\/#\/schema\/logo\/image\/"}}]}},"_links":{"self":[{"href":"https:\/\/amaresofficial.com\/sr\/wp-json\/wp\/v2\/pages\/28","targetHints":{"allow":["GET"]}}],"collection":[{"href":"https:\/\/amaresofficial.com\/sr\/wp-json\/wp\/v2\/pages"}],"about":[{"href":"https:\/\/amaresofficial.com\/sr\/wp-json\/wp\/v2\/types\/page"}],"author":[{"embeddable":true,"href":"https:\/\/amaresofficial.com\/sr\/wp-json\/wp\/v2\/users\/1"}],"replies":[{"embeddable":true,"href":"https:\/\/amaresofficial.com\/sr\/wp-json\/wp\/v2\/comments?post=28"}],"version-history":[{"count":166,"href":"https:\/\/amaresofficial.com\/sr\/wp-json\/wp\/v2\/pages\/28\/revisions"}],"predecessor-version":[{"id":2446,"href":"https:\/\/amaresofficial.com\/sr\/wp-json\/wp\/v2\/pages\/28\/revisions\/2446"}],"wp:attachment":[{"href":"https:\/\/amaresofficial.com\/sr\/wp-json\/wp\/v2\/media?parent=28"}],"curies":[{"name":"wp","href":"https:\/\/api.w.org\/{rel}","templated":true}]}}